{"id":7460,"date":"2021-10-26T13:04:43","date_gmt":"2021-10-26T12:04:43","guid":{"rendered":"https:\/\/1stcda.co\/shop-2\/login\/"},"modified":"2021-10-26T13:04:43","modified_gmt":"2021-10-26T12:04:43","slug":"login","status":"publish","type":"page","link":"https:\/\/www.1stcda.com\/es\/shop\/login\/","title":{"rendered":"Iniciar Sesi\u00f3n"},"content":{"rendered":"<div data-elementor-type=\"wp-page\" data-elementor-id=\"7460\" class=\"elementor elementor-7460\" data-elementor-post-type=\"page\">\n\t\t\t\t<div class=\"elementor-element elementor-element-8961c55 e-flex e-con-boxed e-con e-parent\" data-id=\"8961c55\" data-element_type=\"container\">\n\t\t\t\t\t<div class=\"e-con-inner\">\n\t\t\t\t<div class=\"elementor-element elementor-element-2af2432 elementor-tablet-form-col-1 elementor-tablet_extra-form-col-1 elementor-form-col-2 elementor-widget elementor-widget-the7-woocommerce-login-register-form\" data-id=\"2af2432\" data-element_type=\"widget\" data-widget_type=\"the7-woocommerce-login-register-form.default\">\n\t\t\t\t<div class=\"elementor-widget-container\">\n\t\t\t\t\t<div class=\"woocommerce-notices-wrapper\"><\/div><div class=\"the7-login-register-form elementor-labels-above\"><div class=\"the7-login-form\"><h2>Acceder<\/h2><form class=\"woocommerce-form woocommerce-form-login login\" method=\"post\" action=\"\"><div class=\"elementor-form-fields-wrapper\"><div class=\"elementor-field-group elementor-column\"><label class=\"elementor-field-label\" for=\"username\">Nombre de usuario o correo electr\u00f3nico&nbsp;<span class=\"required\">*<\/span><\/label><input type=\"text\" class=\"woocommerce-Input  elementor-field-textual elementor-field elementor-size-md\" name=\"username\" id=\"username\" autocomplete=\"username\" value=\"\" \/><\/div><div class=\"elementor-field-group elementor-column\"><label class=\"elementor-field-label\" for=\"password\">Contrase\u00f1a&nbsp;<span class=\"required\">*<\/span><\/label><input class=\"woocommerce-Input elementor-field-textual elementor-field elementor-size-md\" type=\"password\" name=\"password\" id=\"password\" autocomplete=\"current-password\" \/><\/div>\t\t<input\n\t\t\t\ttype=\"hidden\"\n\t\t\t\tclass=\"hcaptcha-widget-id\"\n\t\t\t\tname=\"hcaptcha-widget-id\"\n\t\t\t\tvalue=\"eyJzb3VyY2UiOlsid29vY29tbWVyY2VcL3dvb2NvbW1lcmNlLnBocCJdLCJmb3JtX2lkIjoibG9naW4ifQ==-a7c6cc158310c21bc09cc9ad4e8620bc\">\n\t\t\t\t<h-captcha\n\t\t\tclass=\"h-captcha\"\n\t\t\tdata-sitekey=\"da4279bc-44f6-49e0-810e-b026cbdce24e\"\n\t\t\tdata-theme=\"light\"\n\t\t\tdata-size=\"normal\"\n\t\t\tdata-auto=\"false\"\n\t\t\tdata-ajax=\"false\"\n\t\t\tdata-force=\"true\">\n\t\t<\/h-captcha>\n\t\t<input type=\"hidden\" id=\"hcaptcha_login_nonce\" name=\"hcaptcha_login_nonce\" value=\"279ebeb06a\" \/><input type=\"hidden\" name=\"_wp_http_referer\" value=\"\/es\/wp-json\/wp\/v2\/pages\/7460\" \/>\t\t<label for=\"hcap_hp_Zqlc9oKTMQR3\"><\/label>\n\t\t<input\n\t\t\t\ttype=\"text\" id=\"hcap_hp_Zqlc9oKTMQR3\" name=\"hcap_hp_Zqlc9oKTMQR3\" value=\"\"\n\t\t\t\treadonly inputmode=\"none\" autocomplete=\"new-password\" tabindex=\"-1\" aria-hidden=\"true\"\n\t\t\t\tstyle=\"position:absolute; left:-9999px; top:auto; height:0; width:0; opacity:0;\"\/>\n\t\t<input type=\"hidden\" name=\"hcap_hp_sig\" value=\"4c1dd86818\"\/>\n\t\t<div class=\"elementor-field-group elementor-column elementor-field-type-submit\"><button type=\"submit\" class=\"elementor-button elementor-size-md button woocommerce-form-login__submit\" name=\"login\" value=\" Acceso\">Acceso<\/button><\/div><div class=\"elementor-field-group elementor-column\"><label class=\"elementor-field-label woocommerce-form-login__rememberme\"><input class=\"woocommerce-form__input woocommerce-form__input-checkbox elementor-field elementor-size-md\" name=\"rememberme\" type=\"checkbox\" id=\"rememberme\" value=\"forever\" \/> <span>Recu\u00e9rdame<\/span><\/label><input type=\"hidden\" id=\"woocommerce-login-nonce\" name=\"woocommerce-login-nonce\" value=\"1d111d1f39\" \/><input type=\"hidden\" name=\"_wp_http_referer\" value=\"\/es\/wp-json\/wp\/v2\/pages\/7460\" \/><input type=\"hidden\" name=\"redirect\" value=\"https:\/\/www.1stcda.com\/es\/shop\/account\/\"\/><p class=\"woocommerce-LostPassword lost_password\"><a href=\"#lost-password\">\u00bfOlvidaste la contrase\u00f1a?<\/a><\/p><\/div><\/div><input type=\"hidden\" name=\"trp-form-language\" value=\"es\"\/><\/form><\/div><\/div><div class=\"woocommerce-notices-wrapper\"><\/div><form method=\"post\" class=\"woocommerce-ResetPassword elementor-labels-above\" action=\"\"><div class=\"elementor-form-fields-wrapper\"><p class=\"elementor-field-group elementor-column\">\u00bfPerdiste tu contrase\u00f1a? Por favor, introduce tu nombre de usuario o correo electr\u00f3nico. Recibir\u00e1s un enlace para crear una contrase\u00f1a nueva por correo electr\u00f3nico. <\/p><div class=\"elementor-field-group elementor-column\"><label class=\"elementor-field-label\" for=\"user_login\">Nombre de usuario o correo electr\u00f3nico<\/label><input class=\"woocommerce-Input  elementor-field-textual elementor-field elementor-size-md\" type=\"text\" name=\"user_login\" id=\"user_login\" autocomplete=\"username\" \/><\/div>\t\t<input\n\t\t\t\ttype=\"hidden\"\n\t\t\t\tclass=\"hcaptcha-widget-id\"\n\t\t\t\tname=\"hcaptcha-widget-id\"\n\t\t\t\tvalue=\"eyJzb3VyY2UiOlsid29vY29tbWVyY2VcL3dvb2NvbW1lcmNlLnBocCJdLCJmb3JtX2lkIjoibG9zdF9wYXNzd29yZCJ9-8233ca430adebe98a8b40c7e912d2fe6\">\n\t\t\t\t<h-captcha\n\t\t\tclass=\"h-captcha\"\n\t\t\tdata-sitekey=\"da4279bc-44f6-49e0-810e-b026cbdce24e\"\n\t\t\tdata-theme=\"light\"\n\t\t\tdata-size=\"normal\"\n\t\t\tdata-auto=\"false\"\n\t\t\tdata-ajax=\"false\"\n\t\t\tdata-force=\"true\">\n\t\t<\/h-captcha>\n\t\t<input type=\"hidden\" id=\"hcaptcha_wc_lost_password_nonce\" name=\"hcaptcha_wc_lost_password_nonce\" value=\"76875f0cc1\" \/><input type=\"hidden\" name=\"_wp_http_referer\" value=\"\/es\/wp-json\/wp\/v2\/pages\/7460\" \/>\t\t<label for=\"hcap_hp_WqXX417420Kq\"><\/label>\n\t\t<input\n\t\t\t\ttype=\"text\" id=\"hcap_hp_WqXX417420Kq\" name=\"hcap_hp_WqXX417420Kq\" value=\"\"\n\t\t\t\treadonly inputmode=\"none\" autocomplete=\"new-password\" tabindex=\"-1\" aria-hidden=\"true\"\n\t\t\t\tstyle=\"position:absolute; left:-9999px; top:auto; height:0; width:0; opacity:0;\"\/>\n\t\t<input type=\"hidden\" name=\"hcap_hp_sig\" value=\"f26f199960\"\/>\n\t\t<div class=\"elementor-field-group elementor-column elementor-field-type-submit\"><input type=\"hidden\" name=\"wc_reset_password\" value=\"true\" \/><button type=\"submit\" class=\"elementor-button elementor-size-md button\" value=\"Restablecer contrase\u00f1a\">Restablecer contrase\u00f1a<\/button><\/div><\/div><input type=\"hidden\" id=\"woocommerce-lost-password-nonce\" name=\"woocommerce-lost-password-nonce\" value=\"ee4f8fb84e\" \/><input type=\"hidden\" name=\"_wp_http_referer\" value=\"\/es\/wp-json\/wp\/v2\/pages\/7460\" \/><input type=\"hidden\" name=\"trp-form-language\" value=\"es\"\/><\/form>\t\t\t\t<\/div>\n\t\t\t\t<\/div>\n\t\t\t\t\t<\/div>\n\t\t\t\t<\/div>\n\t\t\t\t<\/div>","protected":false},"excerpt":{"rendered":"","protected":false},"author":1,"featured_media":0,"parent":5467,"menu_order":60,"comment_status":"closed","ping_status":"closed","template":"","meta":{"footnotes":""},"class_list":["post-7460","page","type-page","status-publish","hentry"],"_links":{"self":[{"href":"https:\/\/www.1stcda.com\/es\/wp-json\/wp\/v2\/pages\/7460","targetHints":{"allow":["GET"]}}],"collection":[{"href":"https:\/\/www.1stcda.com\/es\/wp-json\/wp\/v2\/pages"}],"about":[{"href":"https:\/\/www.1stcda.com\/es\/wp-json\/wp\/v2\/types\/page"}],"author":[{"embeddable":true,"href":"https:\/\/www.1stcda.com\/es\/wp-json\/wp\/v2\/users\/1"}],"replies":[{"embeddable":true,"href":"https:\/\/www.1stcda.com\/es\/wp-json\/wp\/v2\/comments?post=7460"}],"version-history":[{"count":0,"href":"https:\/\/www.1stcda.com\/es\/wp-json\/wp\/v2\/pages\/7460\/revisions"}],"up":[{"embeddable":true,"href":"https:\/\/www.1stcda.com\/es\/wp-json\/wp\/v2\/pages\/5467"}],"wp:attachment":[{"href":"https:\/\/www.1stcda.com\/es\/wp-json\/wp\/v2\/media?parent=7460"}],"curies":[{"name":"wp","href":"https:\/\/api.w.org\/{rel}","templated":true}]}}