{"id":41599,"date":"2025-09-20T21:46:14","date_gmt":"2025-09-20T21:46:14","guid":{"rendered":"https:\/\/1stcda.co\/?page_id=41599"},"modified":"2025-09-20T22:00:06","modified_gmt":"2025-09-20T22:00:06","slug":"courses-success","status":"publish","type":"page","link":"https:\/\/www.1stcda.com\/es\/courses-success\/","title":{"rendered":"Cursos \u2013 \u00c9xito"},"content":{"rendered":"<div data-elementor-type=\"wp-page\" data-elementor-id=\"41599\" class=\"elementor elementor-41599\" data-elementor-post-type=\"page\">\n\t\t\t\t<div class=\"elementor-element elementor-element-5a3082d e-flex e-con-boxed e-con e-parent\" data-id=\"5a3082d\" data-element_type=\"container\">\n\t\t\t\t\t<div class=\"e-con-inner\">\n\t\t\t\t<div class=\"elementor-element elementor-element-f54b460 elementor-widget elementor-widget-the7-heading\" data-id=\"f54b460\" data-element_type=\"widget\" data-widget_type=\"the7-heading.default\">\n\t\t\t\t<div class=\"elementor-widget-container\">\n\t\t\t\t\t<div class=\"the7-heading-title elementor-size-default\">\ud83d\udea6 \u00a1Registro completo!<br><br>\u00a1Nos alegra tenerte con nosotros! Revisa tu correo electr\u00f3nico para conocer los pr\u00f3ximos pasos y prep\u00e1rate para tomar el volante con confianza.<\/div>\t\t\t\t<\/div>\n\t\t\t\t<\/div>\n\t\t\t\t<div class=\"elementor-element elementor-element-5205c9c elementor-align-center elementor-widget__width-auto elementor-widget-mobile__width-inherit elementor-widget elementor-widget-the7_button_widget\" data-id=\"5205c9c\" data-element_type=\"widget\" data-widget_type=\"the7_button_widget.default\">\n\t\t\t\t<div class=\"elementor-widget-container\">\n\t\t\t\t\t<div class=\"elementor-button-wrapper\"><a href=\"https:\/\/www.1stcda.com\/es\/classes\/\" class=\"box-button elementor-button elementor-size-lg\">Regresar A Clases<svg aria-hidden=\"true\" class=\"elementor-button-icon e-font-icon-svg e-fas-clipboard-list\" viewbox=\"0 0 384 512\" xmlns=\"http:\/\/www.w3.org\/2000\/svg\"><path d=\"M336 64h-80c0-35.3-28.7-64-64-64s-64 28.7-64 64H48C21.5 64 0 85.5 0 112v352c0 26.5 21.5 48 48 48h288c26.5 0 48-21.5 48-48V112c0-26.5-21.5-48-48-48zM96 424c-13.3 0-24-10.7-24-24s10.7-24 24-24 24 10.7 24 24-10.7 24-24 24zm0-96c-13.3 0-24-10.7-24-24s10.7-24 24-24 24 10.7 24 24-10.7 24-24 24zm0-96c-13.3 0-24-10.7-24-24s10.7-24 24-24 24 10.7 24 24-10.7 24-24 24zm96-192c13.3 0 24 10.7 24 24s-10.7 24-24 24-24-10.7-24-24 10.7-24 24-24zm128 368c0 4.4-3.6 8-8 8H168c-4.4 0-8-3.6-8-8v-16c0-4.4 3.6-8 8-8h144c4.4 0 8 3.6 8 8v16zm0-96c0 4.4-3.6 8-8 8H168c-4.4 0-8-3.6-8-8v-16c0-4.4 3.6-8 8-8h144c4.4 0 8 3.6 8 8v16zm0-96c0 4.4-3.6 8-8 8H168c-4.4 0-8-3.6-8-8v-16c0-4.4 3.6-8 8-8h144c4.4 0 8 3.6 8 8v16z\"><\/path><\/svg><\/a><\/div>\t\t\t\t<\/div>\n\t\t\t\t<\/div>\n\t\t\t\t\t<\/div>\n\t\t\t\t<\/div>\n\t\t\t\t<\/div>","protected":false},"excerpt":{"rendered":"<p>\ud83d\udea6 Registration complete! We\u2019re excited to have you on board. Keep an eye on your email for next steps, and get ready to hit the road with confidence. Back To Classes<\/p>","protected":false},"author":1,"featured_media":0,"parent":0,"menu_order":5,"comment_status":"closed","ping_status":"closed","template":"","meta":{"footnotes":""},"class_list":["post-41599","page","type-page","status-publish","hentry"],"_links":{"self":[{"href":"https:\/\/www.1stcda.com\/es\/wp-json\/wp\/v2\/pages\/41599","targetHints":{"allow":["GET"]}}],"collection":[{"href":"https:\/\/www.1stcda.com\/es\/wp-json\/wp\/v2\/pages"}],"about":[{"href":"https:\/\/www.1stcda.com\/es\/wp-json\/wp\/v2\/types\/page"}],"author":[{"embeddable":true,"href":"https:\/\/www.1stcda.com\/es\/wp-json\/wp\/v2\/users\/1"}],"replies":[{"embeddable":true,"href":"https:\/\/www.1stcda.com\/es\/wp-json\/wp\/v2\/comments?post=41599"}],"version-history":[{"count":7,"href":"https:\/\/www.1stcda.com\/es\/wp-json\/wp\/v2\/pages\/41599\/revisions"}],"predecessor-version":[{"id":41613,"href":"https:\/\/www.1stcda.com\/es\/wp-json\/wp\/v2\/pages\/41599\/revisions\/41613"}],"wp:attachment":[{"href":"https:\/\/www.1stcda.com\/es\/wp-json\/wp\/v2\/media?parent=41599"}],"curies":[{"name":"wp","href":"https:\/\/api.w.org\/{rel}","templated":true}]}}